{"id":1071,"date":"2016-03-26T11:18:56","date_gmt":"2016-03-26T09:18:56","guid":{"rendered":"http:\/\/taok.rogain.ee\/voistluskeskus\/?lang=en"},"modified":"2025-08-24T21:56:05","modified_gmt":"2025-08-24T18:56:05","slug":"center","status":"publish","type":"page","link":"https:\/\/taok.rogain.ee\/en\/news\/center\/","title":{"rendered":"Event Center"},"content":{"rendered":"\n<style type=\"text\/css\" data-created_by=\"avia_inline_auto\" id=\"style-css-av-av_section-c1b82625bcfdb4ebbaa174fafab1e61d\">\n.avia-section.av-av_section-c1b82625bcfdb4ebbaa174fafab1e61d{\nbackground-repeat:no-repeat;\nbackground-image:url(https:\/\/taok.rogain.ee\/wp-content\/uploads\/2016\/03\/vlcsnap-2014-04-14-10h14m10s68-1500x844.jpg);\nbackground-position:50% 100%;\nbackground-attachment:scroll;\n}\n.avia-section.av-av_section-c1b82625bcfdb4ebbaa174fafab1e61d .av-section-color-overlay{\nopacity:0.5;\nbackground-color:#000000;\nbackground-image:url(https:\/\/taok.rogain.ee\/wp-content\/themes\/enfold\/images\/background-images\/diagonal-bold-light.png);\nbackground-repeat:repeat;\n}\n<\/style>\n<div id='av_section_1'  class='avia-section av-av_section-c1b82625bcfdb4ebbaa174fafab1e61d main_color avia-section-default avia-no-shadow  avia-builder-el-0  el_before_av_section  avia-builder-el-first  avia-full-stretch avia-bg-style-scroll av-section-color-overlay-active container_wrap sidebar_right'  data-section-bg-repeat='stretch'><div class=\"av-section-color-overlay-wrap\"><div class=\"av-section-color-overlay\"><\/div><div class='container av-section-cont-open' ><main  role=\"main\" itemprop=\"mainContentOfPage\"  class='template-page content  av-content-small alpha units'><div class='post-entry post-entry-type-page post-entry-1071'><div class='entry-content-wrapper clearfix'>\n\n<style type=\"text\/css\" data-created_by=\"avia_inline_auto\" id=\"style-css-av-av_heading-2a090d65fddc5d30c1608ec4f9a2a80e\">\n#top .av-special-heading.av-av_heading-2a090d65fddc5d30c1608ec4f9a2a80e{\npadding-bottom:0;\ncolor:#ffffff;\nfont-size:50px;\n}\nbody .av-special-heading.av-av_heading-2a090d65fddc5d30c1608ec4f9a2a80e .av-special-heading-tag .heading-char{\nfont-size:25px;\n}\n#top #wrap_all .av-special-heading.av-av_heading-2a090d65fddc5d30c1608ec4f9a2a80e .av-special-heading-tag{\nfont-size:50px;\n}\n.av-special-heading.av-av_heading-2a090d65fddc5d30c1608ec4f9a2a80e .special-heading-inner-border{\nborder-color:#ffffff;\n}\n.av-special-heading.av-av_heading-2a090d65fddc5d30c1608ec4f9a2a80e .av-subheading{\nfont-size:15px;\n}\n\n@media only screen and (min-width: 480px) and (max-width: 767px){ \n#top #wrap_all .av-special-heading.av-av_heading-2a090d65fddc5d30c1608ec4f9a2a80e .av-special-heading-tag{\nfont-size:0.8em;\n}\n}\n\n@media only screen and (max-width: 479px){ \n#top #wrap_all .av-special-heading.av-av_heading-2a090d65fddc5d30c1608ec4f9a2a80e .av-special-heading-tag{\nfont-size:0.8em;\n}\n}\n<\/style>\n<div  class='av-special-heading av-av_heading-2a090d65fddc5d30c1608ec4f9a2a80e av-special-heading-h3 custom-color-heading blockquote modern-quote modern-centered  avia-builder-el-1  el_before_av_hr  avia-builder-el-first  av-inherit-size'><h3 class='av-special-heading-tag'  itemprop=\"headline\"  >Event Center<\/h3><div class='av_custom_color av-subheading av-subheading_below'><p>Location map of the competition center<\/p>\n<\/div><div class=\"special-heading-border\"><div class=\"special-heading-inner-border\"><\/div><\/div><\/div>\n\n<style type=\"text\/css\" data-created_by=\"avia_inline_auto\" id=\"style-css-av-av_hr-8f8f0e8e14ea09e84f7e352d9b3a3739\">\n#top .hr.av-av_hr-8f8f0e8e14ea09e84f7e352d9b3a3739{\nmargin-top:30px;\nmargin-bottom:30px;\n}\n.hr.av-av_hr-8f8f0e8e14ea09e84f7e352d9b3a3739 .hr-inner{\nwidth:45%;\nmax-width:45%;\n}\n<\/style>\n<div  class='hr av-av_hr-8f8f0e8e14ea09e84f7e352d9b3a3739 hr-custom  avia-builder-el-2  el_after_av_heading  avia-builder-el-last  hr-center hr-icon-yes'><span class='hr-inner inner-border-av-border-thin'><span class=\"hr-inner-style\"><\/span><\/span><span class='av-seperator-icon' aria-hidden='true' data-av_icon='\ue8bf' data-av_iconfont='entypo-fontello'><\/span><span class='hr-inner inner-border-av-border-thin'><span class=\"hr-inner-style\"><\/span><\/span><\/div>\n\n<\/div><\/div><\/main><!-- close content main element --><\/div><\/div><\/div><div id='av_section_2'  class='avia-section av-ktisp245-bf64115616e7c22ca744a5568f2a6fd3 main_color avia-section-no-padding avia-no-border-styling  avia-builder-el-3  el_after_av_section  avia-builder-el-last  avia-bg-style-fixed container_wrap sidebar_right'  ><div class='container av-section-cont-open' ><div class='template-page content  av-content-small alpha units'><div class='post-entry post-entry-type-page post-entry-1071'><div class='entry-content-wrapper clearfix'>\n\n<style type=\"text\/css\" data-created_by=\"avia_inline_auto\" id=\"style-css-av-av_three_fourth-9497bbf8bff73ea4c6992cc17fa9ec36\">\n.flex_column.av-av_three_fourth-9497bbf8bff73ea4c6992cc17fa9ec36{\n-webkit-border-radius:0px 0px 0px 0px;\n-moz-border-radius:0px 0px 0px 0px;\nborder-radius:0px 0px 0px 0px;\npadding:0px 0px 0px 0px;\n}\n<\/style>\n<div class='flex_column av-av_three_fourth-9497bbf8bff73ea4c6992cc17fa9ec36 av_three_fourth  avia-builder-el-4  el_before_av_one_fourth  avia-builder-el-first  first flex_column_div av-zero-column-padding '     ><section  class='av_textblock_section av-kt7hy9p4-f4b8475bf3c1ac95c1e1182100344130'  itemscope=\"itemscope\" itemtype=\"https:\/\/schema.org\/CreativeWork\" ><div class='avia_textblock'  itemprop=\"text\" ><p>The event centre is in M\u00f5isametsa sand quarry, Mustla-N\u00f5mme village, J\u00e4rva county (GPS: 59.0879, 25.4189).<\/p>\n<p><iframe loading=\"lazy\" style=\"border: 1px solid black;\" src=\"https:\/\/www.openstreetmap.org\/export\/embed.html?bbox=25.3576%2C59.0681%2C25.4804%2C59.1070&amp;marker=59.0879%2C25.4189&amp;layer=mapnik\" width=\"595\" height=\"490\" frameborder=\"0\" marginwidth=\"0\" marginheight=\"0\" scrolling=\"no\"><\/iframe><br \/>\n<a href=\"https:\/\/www.openstreetmap.org\/?mlat=59.0879&amp;mlon=25.4189#map=14\/59.0879\/25.4189\">View a larger map<\/a><\/p>\n<p><!--\n\n\n\n\n\n\n<h1>Parking<\/h1>\n\n\n\n\n\n\n<img src=\"parkimine.jpg\" alt=\"Parking\" style=\"max-width: 100%; height: auto;\"\/>--><\/p>\n<\/div><\/section><\/div>\n<style type=\"text\/css\" data-created_by=\"avia_inline_auto\" id=\"style-css-av-av_one_fourth-1d29b8e20847e1483ea238e93d77fef7\">\n.flex_column.av-av_one_fourth-1d29b8e20847e1483ea238e93d77fef7{\n-webkit-border-radius:0px 0px 0px 0px;\n-moz-border-radius:0px 0px 0px 0px;\nborder-radius:0px 0px 0px 0px;\npadding:30px 30px 30px 30px;\nbackground-color:#f0f0f0;\n}\n<\/style>\n<div class='flex_column av-av_one_fourth-1d29b8e20847e1483ea238e93d77fef7 av_one_fourth  avia-builder-el-6  el_after_av_three_fourth  avia-builder-el-last  flex_column_div '     ><div  class='avia-builder-widget-area clearfix  avia-builder-el-7  avia-builder-el-no-sibling '><div id=\"nav_menu-4\" class=\"widget clearfix widget_nav_menu\"><div class=\"menu-ta-ok-menu-english-container\"><ul id=\"menu-ta-ok-menu-english\" class=\"menu\"><li id=\"menu-item-1096\" class=\"menu-item menu-item-type-post_type menu-item-object-page menu-item-1096\"><a href=\"https:\/\/taok.rogain.ee\/en\/reg\/\">REGISTER<\/a><\/li>\n<li id=\"menu-item-1097\" class=\"menu-item menu-item-type-post_type menu-item-object-page menu-item-1097\"><a href=\"https:\/\/taok.rogain.ee\/en\/rules\/\">Rules<\/a><\/li>\n<li id=\"menu-item-1552\" class=\"menu-item menu-item-type-post_type menu-item-object-page menu-item-1552\"><a href=\"https:\/\/taok.rogain.ee\/en\/news\/teams\/\">Teams<\/a><\/li>\n<li id=\"menu-item-1100\" class=\"menu-item menu-item-type-post_type menu-item-object-page menu-item-1100\"><a href=\"https:\/\/taok.rogain.ee\/en\/news\/results\/\">Results<\/a><\/li>\n<li id=\"menu-item-1101\" class=\"menu-item menu-item-type-post_type menu-item-object-page menu-item-1101\"><a href=\"https:\/\/taok.rogain.ee\/en\/news\/statistics\/\">Statistics<\/a><\/li>\n<li id=\"menu-item-1219\" class=\"menu-item menu-item-type-post_type menu-item-object-page menu-item-1219\"><a href=\"https:\/\/taok.rogain.ee\/en\/news\/history\/\">Archive<\/a><\/li>\n<\/ul><\/div><\/div><\/div><\/div><\/div><\/div><\/div><!-- close content main div --><\/div><\/div><div id='after_section_2'  class='main_color av_default_container_wrap container_wrap sidebar_right'  ><div class='container av-section-cont-open' ><div class='template-page content  av-content-small alpha units'><div class='post-entry post-entry-type-page post-entry-1071'><div class='entry-content-wrapper clearfix'>\n","protected":false},"excerpt":{"rendered":"","protected":false},"author":1,"featured_media":0,"parent":1075,"menu_order":0,"comment_status":"open","ping_status":"closed","template":"","meta":[],"_links":{"self":[{"href":"https:\/\/taok.rogain.ee\/en\/wp-json\/wp\/v2\/pages\/1071"}],"collection":[{"href":"https:\/\/taok.rogain.ee\/en\/wp-json\/wp\/v2\/pages"}],"about":[{"href":"https:\/\/taok.rogain.ee\/en\/wp-json\/wp\/v2\/types\/page"}],"author":[{"embeddable":true,"href":"https:\/\/taok.rogain.ee\/en\/wp-json\/wp\/v2\/users\/1"}],"replies":[{"embeddable":true,"href":"https:\/\/taok.rogain.ee\/en\/wp-json\/wp\/v2\/comments?post=1071"}],"version-history":[{"count":37,"href":"https:\/\/taok.rogain.ee\/en\/wp-json\/wp\/v2\/pages\/1071\/revisions"}],"predecessor-version":[{"id":2418,"href":"https:\/\/taok.rogain.ee\/en\/wp-json\/wp\/v2\/pages\/1071\/revisions\/2418"}],"up":[{"embeddable":true,"href":"https:\/\/taok.rogain.ee\/en\/wp-json\/wp\/v2\/pages\/1075"}],"wp:attachment":[{"href":"https:\/\/taok.rogain.ee\/en\/wp-json\/wp\/v2\/media?parent=1071"}],"curies":[{"name":"wp","href":"https:\/\/api.w.org\/{rel}","templated":true}]}}